{"id":81,"date":"2020-01-22T18:11:36","date_gmt":"2020-01-22T18:11:36","guid":{"rendered":"http:\/\/www.wehairpori.fi\/?page_id=81"},"modified":"2021-04-19T18:27:00","modified_gmt":"2021-04-19T18:27:00","slug":"microblading","status":"publish","type":"page","link":"https:\/\/www.wehairpori.fi\/index.php\/palvelut-hinnasto\/microblading\/","title":{"rendered":"Microblading"},"content":{"rendered":"\n<p class=\"has-pale-pink-color has-text-color has-medium-font-size\"><strong>Mit\u00e4 microblading on?<\/strong><\/p>\n\n\n\n<p>Microblading on kulmamuotoilua, joka mahdollistaa asiakkaalle kauniit, persoonalliset ja luonnolliset kulmat.&nbsp;Microblading toimenpiteen aikana pigmentti\u00e4 laitetaan ihon pintakerrokseen epidermiksen ja dermiksen v\u00e4liin. T\u00e4ll\u00e4 tekniikalla saadaan korjattua kulmien ep\u00e4symmetrisyytt\u00e4, muokattua muotoa sek\u00e4 lis\u00e4tty\u00e4 puuttuvia kulmakarvoja. N\u00e4in asiakkaan arki helpottuu, kun kulmia ei tarvitse aina piirt\u00e4\u00e4.&nbsp;<\/p>\n\n\n\n<p>Ensimm\u00e4isen laittokerran j\u00e4lkeen annetaan kulmien parantua ja asettua. 5-8 viikon kuluttua kulmiin tehd\u00e4\u00e4n vahvistus eli touch up, jossa lis\u00e4t\u00e4\u00e4n v\u00e4ri\u00e4 haalistuneisiin kohtiin. Jotkut voivat tarvita my\u00f6s kolmannen vahvistuskerran. (3.vahvistuskerta on maksullinen)<br><\/p>\n\n\n\n<p class=\"has-pale-pink-color has-text-color has-medium-font-size\"><strong>Kauanko lopputulos kest\u00e4\u00e4?<\/strong><\/p>\n\n\n\n<p>Yleens\u00e4 kulmat kest\u00e4v\u00e4t noin vuoden. Joillakin v\u00e4ri voi pysy\u00e4 jopa 1,5 vuotta. Pysyvyys on hyvin yksil\u00f6llist\u00e4. Siihen vaikuttaa paljon ihotyyppi, kuinka hyvin noudattaa kotihoito-ohjeita jne. Kulmat suositellaan vahvistamaan 10-12 kk laitosta, jos haluat yll\u00e4pit\u00e4\u00e4 niit\u00e4.<br><\/p>\n\n\n\n<p class=\"has-pale-pink-color has-text-color has-medium-font-size\"><strong>Mit\u00e4 tulee ottaa huomioon ennen kuin tulet toimenpiteeseen?<\/strong><\/p>\n\n\n\n<ul class=\"wp-block-list\"><li>V\u00e4lt\u00e4 aspiriinia, ibuprofeiinia ja muita kipul\u00e4\u00e4kkeit\u00e4 48h ennen toimenpidett\u00e4.<\/li><li>\u00c4l\u00e4 juo alkoholia edellisen\u00e4 p\u00e4iv\u00e4n\u00e4<\/li><li>Eth\u00e4n tule kipe\u00e4n\u00e4<\/li><li>Omega-3 tuotteita ei suositella sy\u00f6t\u00e4v\u00e4ksi 4vk ennen laittoa. (Vaikuttaa pigmentin pysyvyyteen)<\/li><li>Jos ihosi on rasvainen, kuori kulmien aluetta pari p\u00e4iv\u00e4\u00e4 ennen toimenpidett\u00e4. (Kuorinnan voi tehd\u00e4 parikin kertaa)<\/li><li>Roaccutan (Viimeisest\u00e4 hoidosta tulee olla 6kk)<\/li><li>Jos sinulla on jokin l\u00e4\u00e4kitys\/jatkuva l\u00e4\u00e4kitys&nbsp;ja olet ep\u00e4varma sen ja microbladingin sopivuudesta, <strong>varmistathan hoidon sopivuuden aina ensin l\u00e4\u00e4k\u00e4rilt\u00e4si.<\/strong><\/li><\/ul>\n\n\n\n<p class=\"has-pale-pink-color has-text-color has-medium-font-size\"><strong>Kenelle microblading ei sovi?<\/strong><\/p>\n\n\n\n<ul class=\"wp-block-list\"><li>Jos olet raskaana tai imet\u00e4t<\/li><li>Olet alle 18-vuotias&nbsp;<\/li><li>K\u00e4yt\u00e4t verenohennusl\u00e4\u00e4kkeit\u00e4<\/li><li>Vahva verenpainel\u00e4\u00e4kitys (Kysy lupa l\u00e4\u00e4k\u00e4rilt\u00e4)<\/li><li>Diabetes (Kysy lupa l\u00e4\u00e4k\u00e4rilt\u00e4)<\/li><li>Hiv<\/li><li>Olet sairastanut hepatiitti-sairauksia, keltatautia tai epilepsiaa<\/li><li>Sy\u00f6p\u00e4hoidot (Kysy l\u00e4\u00e4k\u00e4rilt\u00e4 lupa, koska on mahdollista tulla)<\/li><li>Keloidi tai arven liikakasvua<\/li><li>Jos sinulla on puudutusaineallergia<\/li><li>Jos sinulla on jokin l\u00e4\u00e4kitys ja olet ep\u00e4varma sen ja microbladingin sopivuudesta, <strong>varmistathan hoidon sopivuuden aina ensin l\u00e4\u00e4k\u00e4rilt\u00e4si<\/strong>.<\/li><\/ul>\n\n\n\n<p class=\"has-pale-pink-color has-text-color has-medium-font-size\"><strong>Kotihoito-ohjeet:<\/strong><\/p>\n\n\n\n<p>On t\u00e4rke\u00e4\u00e4, ett\u00e4 pid\u00e4t ihon ja kulmat puhtaana. Ensimm\u00e4iset 24h \u00e4l\u00e4 kastele kulmia. Parin tunnin sis\u00e4ll\u00e4 laitosta voit kevyesti pyyhk\u00e4ist\u00e4 kulmien alueen kostealla vanulapulla.&nbsp;<\/p>\n\n\n\n<p>Huuhtele kulmien alue varovasti aamuin\/illoin. (\u00c4l\u00e4 hankaa) Kuivaa varovasti taputellen. K\u00e4yt\u00e4 Bepanthen voidetta kulmiisi 1-3krt. p\u00e4iv\u00e4ss\u00e4. Laita rasva aina puhtaalle iholle kevyen\u00e4 kerroksena ja muista puhtaat k\u00e4det.<\/p>\n\n\n\n<p>Kun kulmiin tulee rupea, niit\u00e4 ei saa nyppi\u00e4 tai hangata pois. Ruven pois rapsuttaminen heikent\u00e4\u00e4 pigmentin asettumista ja tuloksesta tulee ep\u00e4tasainen.<\/p>\n\n\n\n<ul class=\"wp-block-list\"><li>V\u00e4lt\u00e4 saunomista ja uimista siihen asti, kunnes kulmat ovat kunnolla parantuneet.<\/li><li>V\u00e4lt\u00e4 auringonottoa ja solariumia.<\/li><li>Kun kulmat ovat parantuneet ja olet auringossa, suojaa kulmat aina aurinkovoiteella. N\u00e4in pigmentti pysyy paremmin.<\/li><li>V\u00e4lt\u00e4 urheilua ja hikoilua 3 pv ajan.<\/li><li>\u00c4l\u00e4 k\u00e4yt\u00e4 kulmien alueelle meikki\u00e4 tai muita voiteita kuin Bepanthenia. (Kunnes kulmat ovat parantuneet)<br><\/li><\/ul>\n","protected":false},"excerpt":{"rendered":"<p>Mit\u00e4 microblading on? Microblading on kulmamuotoilua, joka mahdollistaa asiakkaalle kauniit, persoonalliset ja luonnolliset kulmat.&nbsp;Microblading toimenpiteen aikana pigmentti\u00e4 laitetaan ihon pintakerrokseen epidermiksen ja dermiksen v\u00e4liin. T\u00e4ll\u00e4 tekniikalla saadaan korjattua kulmien ep\u00e4symmetrisyytt\u00e4, muokattua muotoa sek\u00e4 lis\u00e4tty\u00e4 puuttuvia kulmakarvoja. N\u00e4in asiakkaan arki helpottuu, kun kulmia ei tarvitse aina piirt\u00e4\u00e4.&nbsp; Ensimm\u00e4isen laittokerran j\u00e4lkeen annetaan kulmien parantua ja asettua. 5-8 [&hellip;]<\/p>\n","protected":false},"author":1,"featured_media":0,"parent":25,"menu_order":0,"comment_status":"closed","ping_status":"closed","template":"template-gutenberg.php","meta":{"_monsterinsights_skip_tracking":false,"_monsterinsights_sitenote_active":false,"_monsterinsights_sitenote_note":"","_monsterinsights_sitenote_category":0,"footnotes":""},"class_list":["post-81","page","type-page","status-publish","hentry"],"jetpack_sharing_enabled":true,"_links":{"self":[{"href":"https:\/\/www.wehairpori.fi\/index.php\/wp-json\/wp\/v2\/pages\/81"}],"collection":[{"href":"https:\/\/www.wehairpori.fi\/index.php\/wp-json\/wp\/v2\/pages"}],"about":[{"href":"https:\/\/www.wehairpori.fi\/index.php\/wp-json\/wp\/v2\/types\/page"}],"author":[{"embeddable":true,"href":"https:\/\/www.wehairpori.fi\/index.php\/wp-json\/wp\/v2\/users\/1"}],"replies":[{"embeddable":true,"href":"https:\/\/www.wehairpori.fi\/index.php\/wp-json\/wp\/v2\/comments?post=81"}],"version-history":[{"count":9,"href":"https:\/\/www.wehairpori.fi\/index.php\/wp-json\/wp\/v2\/pages\/81\/revisions"}],"predecessor-version":[{"id":164,"href":"https:\/\/www.wehairpori.fi\/index.php\/wp-json\/wp\/v2\/pages\/81\/revisions\/164"}],"up":[{"embeddable":true,"href":"https:\/\/www.wehairpori.fi\/index.php\/wp-json\/wp\/v2\/pages\/25"}],"wp:attachment":[{"href":"https:\/\/www.wehairpori.fi\/index.php\/wp-json\/wp\/v2\/media?parent=81"}],"curies":[{"name":"wp","href":"https:\/\/api.w.org\/{rel}","templated":true}]}}