{"id":25,"date":"2019-12-18T13:00:35","date_gmt":"2019-12-18T13:00:35","guid":{"rendered":"http:\/\/www.wehairpori.fi\/?page_id=25"},"modified":"2026-02-09T07:56:03","modified_gmt":"2026-02-09T07:56:03","slug":"palvelut-hinnasto","status":"publish","type":"page","link":"https:\/\/www.wehairpori.fi\/index.php\/palvelut-hinnasto\/","title":{"rendered":"Hinnasto"},"content":{"rendered":"<div class=\"wp-block-image\">\n<figure class=\"alignright size-medium\"><img fetchpriority=\"high\" decoding=\"async\" width=\"256\" height=\"300\" src=\"https:\/\/www.wehairpori.fi\/wp-content\/uploads\/2021\/04\/PHOTO-2021-04-15-11-08-43-256x300.jpg\" alt=\"\" class=\"wp-image-150\" srcset=\"https:\/\/www.wehairpori.fi\/wp-content\/uploads\/2021\/04\/PHOTO-2021-04-15-11-08-43-256x300.jpg 256w, https:\/\/www.wehairpori.fi\/wp-content\/uploads\/2021\/04\/PHOTO-2021-04-15-11-08-43-600x703.jpg 600w, https:\/\/www.wehairpori.fi\/wp-content\/uploads\/2021\/04\/PHOTO-2021-04-15-11-08-43-873x1024.jpg 873w, https:\/\/www.wehairpori.fi\/wp-content\/uploads\/2021\/04\/PHOTO-2021-04-15-11-08-43-768x900.jpg 768w, https:\/\/www.wehairpori.fi\/wp-content\/uploads\/2021\/04\/PHOTO-2021-04-15-11-08-43.jpg 1178w\" sizes=\"(max-width: 256px) 100vw, 256px\" \/><\/figure><\/div>\n\n\n<p class=\"has-black-color has-text-color\"><strong>HIUSTEN LEIKKAUKSET<\/strong><\/p>\n\n\n\n<p>30min&nbsp;&nbsp;34\u20ac<\/p>\n\n\n\n<p>45min&nbsp;&nbsp;49\u20ac<\/p>\n\n\n\n<p>60min&nbsp;&nbsp;62\u20ac<\/p>\n\n\n\n<p>Otsahiusten leikkaus&nbsp;&nbsp;18\u20ac<\/p>\n\n\n\n<p>Lasten hiustenleikkaus&nbsp;&nbsp;26\u20ac<\/p>\n\n\n\n<p>Koneajo&nbsp;&nbsp;20\u20ac<\/p>\n\n\n\n<p class=\"has-black-color has-text-color\"><strong>HIUSTEN V\u00c4RJ\u00c4YKSET<\/strong><\/p>\n\n\n\n<p><strong>V\u00e4rj\u00e4ykset (ei vaalennukset)<\/strong><\/p>\n\n\n\n<p>Tyviv\u00e4ri 84\u20ac +leikkaus 98\u20ac<\/p>\n\n\n\n<p>Lyhyet 97\u20ac +leikkaus 120\u20ac<\/p>\n\n\n\n<p>Keskipitk\u00e4t 115\u20ac +leikkaus 130\u20ac<\/p>\n\n\n\n<p>Pitk\u00e4t 129\u20ac +leikkaus 142\u20ac<\/p>\n\n\n\n<p>Extra pitk\u00e4t 135\u20ac +leikkaus 149\u20ac<\/p>\n\n\n\n<p><strong>Moniv\u00e4ri + h<\/strong>l ( ei vaalennukset)<\/p>\n\n\n\n<p>Lyhyet 129\u20ac<\/p>\n\n\n\n<p>Keskipitk\u00e4t 139\u20ac<\/p>\n\n\n\n<p>Pitk\u00e4t 149\u20ac<\/p>\n\n\n\n<p>Extra pitk\u00e4t 156\u20ac<\/p>\n\n\n\n<p><\/p>\n\n\n\n<p><strong>Vaalennusty\u00f6t<\/strong><\/p>\n\n\n\n<p><strong>72\u20ac\/h<\/strong> Kaikki raidotukset, vaalennukset, balayage, tyvivaalennus, isot v\u00e4rinmuutosty\u00f6t yms. Tuntihinta sis\u00e4lt\u00e4\u00e4 vaalennuksen, v\u00e4rj\u00e4yksen, leikkauksen, K18Hair-rakennehoidon, sek\u00e4 tarvittaessa metallinpoistok\u00e4sittelyn.<\/p>\n\n\n\n<p><\/p>\n\n\n\n<p class=\"has-black-color has-text-color\"><strong>PERMANENTIT<\/strong><\/p>\n\n\n\n<p>Osa permis 99\u20ac<\/p>\n\n\n\n<p>Lyhyet 129\u20ac<\/p>\n\n\n\n<p>Keskipitk\u00e4t 145\u20ac<\/p>\n\n\n\n<p>Pitk\u00e4t 168\u20ac<\/p>\n\n\n\n\n\n<p><strong>HIUSTEN PIDENNYKSET<\/strong><\/p>\n\n\n\n<p>Meill\u00e4 tehd\u00e4\u00e4n Weft-, teippi-, sinetti-, sek\u00e4 ommelpidennyksi\u00e4. <\/p>\n\n\n\n<p><strong>Teippien-ja sinettien laitot\/huollot ovat: 72\u20ac\/h<\/strong><\/p>\n\n\n\n<p>Weft-hiusten laitot ja huollot:<\/p>\n\n\n\n<p><strong>1 rivi hiuksia: 95\u20ac<\/strong><\/p>\n\n\n\n<p><strong>2 rivi\u00e4 hiuksia: 145\u20ac<\/strong><\/p>\n\n\n\n<p><strong>3 rivi\u00e4 tai enemm\u00e4n: Alkaen: 210\u20ac<\/strong><\/p>\n\n\n\n<p>K\u00e4yt\u00e4mme PASTELL.- ja SenseHairin-hiuksia.<\/p>\n\n\n\n<p>Kysy lis\u00e4\u00e4 ja tule ilmaiseen pidennyskonsultaatioon.<\/p>\n\n\n\n<p class=\"has-black-color has-text-color\"><strong>KAMPAUKSET JA MEIKIT<\/strong><\/p>\n\n\n<div class=\"wp-block-image is-style-default\">\n<figure class=\"alignright size-medium\"><img decoding=\"async\" width=\"209\" height=\"300\" src=\"https:\/\/www.wehairpori.fi\/wp-content\/uploads\/2021\/04\/PHOTO-2021-04-15-11-08-46-209x300.jpg\" alt=\"\" class=\"wp-image-154\" srcset=\"https:\/\/www.wehairpori.fi\/wp-content\/uploads\/2021\/04\/PHOTO-2021-04-15-11-08-46-209x300.jpg 209w, https:\/\/www.wehairpori.fi\/wp-content\/uploads\/2021\/04\/PHOTO-2021-04-15-11-08-46-600x863.jpg 600w, https:\/\/www.wehairpori.fi\/wp-content\/uploads\/2021\/04\/PHOTO-2021-04-15-11-08-46.jpg 637w\" sizes=\"(max-width: 209px) 100vw, 209px\" \/><\/figure><\/div>\n\n\n<p>Juhlakampaus&nbsp;70\u20ac<\/p>\n\n\n\n<p>Pikampaus 45min 50\u20ac (Kiharat, puoliksi kiinni yms.)<\/p>\n\n\n\n<p>H\u00e4\u00e4kampaus alk. 150\u20ac&nbsp;(H\u00e4\u00e4kampaukset sis\u00e4lt\u00e4v\u00e4t koekampauksen)<\/p>\n\n\n\n<p>P\u00e4iv\u00e4meikki 65\u20ac<\/p>\n\n\n\n<p>Juhlameikki 75\u20ac<\/p>\n\n\n\n<p>H\u00e4\u00e4meikki 150\u20ac (Sis\u00e4lt\u00e4\u00e4 koemeikin)<\/p>\n\n\n\n<p>Kampaus- ja meikkipaketti 280\u20ac (Sis\u00e4lt\u00e4\u00e4 koemeikin ja koekampauksen)<\/p>\n\n\n\n<p>Kampausten ja meikkien teko onnistuu muuallakin kuin liikkeell\u00e4. Veloitamme matkakustannuksista 1\u20ac\/1min (tavaroiden pakkaus, matkan kesto edes-takas, tavaroiden purku)<\/p>\n\n\n\n<p class=\"has-black-color has-text-color\"><strong>RIPSIENPIDENNYKSET<\/strong><\/p>\n\n\n\n<p>Uudet volyymiripset&nbsp;&nbsp;125e<\/p>\n\n\n\n<p>Ripsihuolto&nbsp;&nbsp;75e<\/p>\n\n\n\n<p>Pikahuolto 45min&nbsp;&nbsp;52e<\/p>\n\n\n\n<p>Pidennystenpoisto&nbsp;&nbsp;35e<\/p>\n\n\n\n<p>Ripsien v\u00e4rj\u00e4ys&nbsp;&nbsp;25e<\/p>\n\n\n\n<p>Kulmien v\u00e4rj\u00e4ys &amp; muotoilu&nbsp;&nbsp;20e<\/p>\n\n\n\n<p>Ripset ja kulmat&nbsp;&nbsp;39e<\/p>\n\n\n\n<p>L<strong>ASHLIFT\/BROWLIFT (Kestotaivutus)<\/strong><\/p>\n\n\n\n<p>Browlift 55\u20ac<\/p>\n\n\n\n<p>Lashlift 82\u20ac<\/p>\n\n\n\n<p>Brow-ja lashlift 120\u20ac<\/p>\n\n\n\n<p><strong>KYNNET<\/strong><\/p>\n\n\n\n<p>Rakennekynnet uudet 76-91\u20ac<\/p>\n\n\n\n<p>Rakennekynnet huolto 76\u20ac<\/p>\n\n\n\n<p>Oman kynnen vahvistus 61\u20ac<\/p>\n\n\n\n<p>Oman kynnen vahvistus huolto 66\u20ac<\/p>\n\n\n\n<p>Geelilakkaus uudet 55\u20ac<\/p>\n\n\n\n<p>Geelilakkaus huolto 55\u20ac<\/p>\n\n\n\n<p>Tip&amp;Desing 70\u20ac<\/p>\n\n\n\n<p>Rakennekynsien poisto alk. 26\u20ac<\/p>\n\n\n\n<p><strong>VAHAUKSET JA SOKEROINNIT<\/strong><\/p>\n\n\n\n<p>S\u00e4\u00e4ret 41\u20ac<\/p>\n\n\n\n<p>Reidet 41\u20ac<\/p>\n\n\n\n<p>S\u00e4\u00e4ret ja reidet 71\u20ac<\/p>\n\n\n\n<p>Bikinilinja 31\u20ac<\/p>\n\n\n\n<p>Kainalot 31\u20ac<\/p>\n\n\n\n<p>Kulmakarvat 16\u20ac<\/p>\n\n\n\n<p>Yl\u00e4huuli 16\u20ac<\/p>\n\n\n\n<p>Kasvot 36\u20ac<\/p>\n\n\n\n<p>K\u00e4sivarret 31\u20ac<\/p>\n\n\n\n<p>Bikinilinja+kainalot+s\u00e4\u00e4ret 80\u20ac<\/p>\n\n\n\n<p>Bikinilinja+s\u00e4\u00e4ret+reidet 88\u20ac<\/p>\n\n\n\n<p>Bikinilinja+s\u00e4\u00e4ret 65\u20ac<\/p>\n\n\n\n<p><strong>BRASILIALAINEN SOKEROINTI (naisten)<\/strong><\/p>\n\n\n\n<p>Brasilialainen ensimm\u00e4inen k\u00e4ynti (45min) 66\u20ac<\/p>\n\n\n\n<p>Brasilialainen sokerointi huolto (max 5vk) 56\u20ac<\/p>\n\n\n\n<p>Brassipaketit:<\/p>\n\n\n\n<p>Brassi eka kerta+s\u00e4\u00e4ret 89\u20ac<\/p>\n\n\n\n<p>Brassi s\u00e4\u00e4nn\u00f6llinen+s\u00e4\u00e4ret 79\u20ac<\/p>\n\n\n\n<p>Brassi+reidet+s\u00e4\u00e4ret 105\u20ac<\/p>\n\n\n\n<p>Brassi+s\u00e4\u00e4ret+kainalot 95\u20ac<\/p>\n\n\n\n<p><strong>KASVOHOIDOT<\/strong><\/p>\n\n\n\n<p>Kosteuttava 75min 78\u20ac<\/p>\n\n\n\n<p>Kirkastava 75min 78\u20ac<\/p>\n\n\n\n<p>Kiinteytt\u00e4v\u00e4 75min 78\u20ac<\/p>\n\n\n\n<p>Puhdistava 75min 78\u20ac<\/p>\n\n\n\n<p>Rauhoittava 75min 78\u20ac<\/p>\n\n\n\n<p>T\u00e4ydellinen kasvohoito 90min 90\u20ac<\/p>\n\n\n\n<p>Kasvohoito 60min 67\u20ac<\/p>\n\n\n\n<p>Mekaaninen ihonpuhdistus 60min 70\u20ac<\/p>\n\n\n\n<p>Happohoito 60min 78\u20ac<\/p>\n\n\n\n<p>Neuro Gaba (ik\u00e4\u00e4ntyv\u00e4lle iholle) 95\u20ac<\/p>\n\n\n\n<p><strong>MICROBLADING<\/strong><\/p>\n\n\n\n<p>Uudet kulmat (sis\u00e4lt\u00e4\u00e4 vahvistuksen)&nbsp;280\u20ac<\/p>\n\n\n\n<p>Vuosivahvistus 150\u20ac<\/p>\n\n\n\n<p><strong>KESTOPIGMENTOINNIT<\/strong><\/p>\n\n\n\n<p>Kulmat 360\u20ac<\/p>\n\n\n\n<p>Eyeliner 360\u20ac<\/p>\n\n\n\n<p>Lashliner 310\u20ac<\/p>\n\n\n\n<p>Shadowliner 410\u20ac<\/p>\n\n\n\n<p><strong>OPISKELIJA-ALENNUS -10%. Edun voi k\u00e4ytt\u00e4\u00e4 arkip\u00e4ivisin klo 9-15 v\u00e4lisen\u00e4 aikana, n\u00e4ytt\u00e4m\u00e4ll\u00e4 voimassa olevaa opiskelijakorttia<\/strong>.<\/p>\n\n\n\n<p class=\"has-text-align-center has-background\" style=\"background-color:#fdd5d5\"><strong>PERUUTUKSET TULEE TEHD\u00c4 24h ENNEN VARATTUA AIKAA. PERUUTTAMATTOMISTA AJOISTA PERIMME 80% VARATUN PALVELUN HINNASTA.<\/strong><\/p>\n\n\n\n<p><strong>NETTIAJANVARAUS<\/strong>:<\/p>\n\n\n\n<p><a href=\"https:\/\/timma.fi\/wehair\" data-type=\"link\" data-id=\"https:\/\/timma.fi\/wehair\">https:\/\/timma.fi\/wehair<\/a><\/p>\n\n\n\n<p><\/p>\n","protected":false},"excerpt":{"rendered":"<p>HIUSTEN LEIKKAUKSET 30min&nbsp;&nbsp;34\u20ac 45min&nbsp;&nbsp;49\u20ac 60min&nbsp;&nbsp;62\u20ac Otsahiusten leikkaus&nbsp;&nbsp;18\u20ac Lasten hiustenleikkaus&nbsp;&nbsp;26\u20ac Koneajo&nbsp;&nbsp;20\u20ac HIUSTEN V\u00c4RJ\u00c4YKSET V\u00e4rj\u00e4ykset (ei vaalennukset) Tyviv\u00e4ri 84\u20ac +leikkaus 98\u20ac Lyhyet 97\u20ac +leikkaus 120\u20ac Keskipitk\u00e4t 115\u20ac +leikkaus 130\u20ac Pitk\u00e4t 129\u20ac +leikkaus 142\u20ac Extra pitk\u00e4t 135\u20ac +leikkaus 149\u20ac Moniv\u00e4ri + hl ( ei vaalennukset) Lyhyet 129\u20ac Keskipitk\u00e4t 139\u20ac Pitk\u00e4t 149\u20ac Extra pitk\u00e4t 156\u20ac Vaalennusty\u00f6t 72\u20ac\/h Kaikki raidotukset, [&hellip;]<\/p>\n","protected":false},"author":1,"featured_media":0,"parent":0,"menu_order":0,"comment_status":"closed","ping_status":"closed","template":"template-gutenberg.php","meta":{"_monsterinsights_skip_tracking":false,"_monsterinsights_sitenote_active":false,"_monsterinsights_sitenote_note":"","_monsterinsights_sitenote_category":0,"footnotes":""},"class_list":["post-25","page","type-page","status-publish","hentry"],"jetpack_sharing_enabled":true,"_links":{"self":[{"href":"https:\/\/www.wehairpori.fi\/index.php\/wp-json\/wp\/v2\/pages\/25"}],"collection":[{"href":"https:\/\/www.wehairpori.fi\/index.php\/wp-json\/wp\/v2\/pages"}],"about":[{"href":"https:\/\/www.wehairpori.fi\/index.php\/wp-json\/wp\/v2\/types\/page"}],"author":[{"embeddable":true,"href":"https:\/\/www.wehairpori.fi\/index.php\/wp-json\/wp\/v2\/users\/1"}],"replies":[{"embeddable":true,"href":"https:\/\/www.wehairpori.fi\/index.php\/wp-json\/wp\/v2\/comments?post=25"}],"version-history":[{"count":55,"href":"https:\/\/www.wehairpori.fi\/index.php\/wp-json\/wp\/v2\/pages\/25\/revisions"}],"predecessor-version":[{"id":325,"href":"https:\/\/www.wehairpori.fi\/index.php\/wp-json\/wp\/v2\/pages\/25\/revisions\/325"}],"wp:attachment":[{"href":"https:\/\/www.wehairpori.fi\/index.php\/wp-json\/wp\/v2\/media?parent=25"}],"curies":[{"name":"wp","href":"https:\/\/api.w.org\/{rel}","templated":true}]}}