{"id":171,"date":"2021-04-28T16:42:09","date_gmt":"2021-04-28T16:42:09","guid":{"rendered":"https:\/\/www.wehairpori.fi\/?page_id=171"},"modified":"2021-04-28T17:22:16","modified_gmt":"2021-04-28T17:22:16","slug":"brow-lift","status":"publish","type":"page","link":"https:\/\/www.wehairpori.fi\/index.php\/palvelut-hinnasto\/brow-lift\/","title":{"rendered":"Brow lift"},"content":{"rendered":"\n<figure class=\"wp-block-gallery columns-2 is-cropped wp-block-gallery-1 is-layout-flex wp-block-gallery-is-layout-flex\"><ul class=\"blocks-gallery-grid\"><li class=\"blocks-gallery-item\"><figure><img fetchpriority=\"high\" decoding=\"async\" width=\"1024\" height=\"757\" src=\"https:\/\/www.wehairpori.fi\/wp-content\/uploads\/2021\/04\/image0-1-1024x757.jpeg\" alt=\"\" data-id=\"182\" data-full-url=\"https:\/\/www.wehairpori.fi\/wp-content\/uploads\/2021\/04\/image0-1.jpeg\" data-link=\"https:\/\/www.wehairpori.fi\/index.php\/palvelut-hinnasto\/brow-lift\/image0-1\/\" class=\"wp-image-182\" srcset=\"https:\/\/www.wehairpori.fi\/wp-content\/uploads\/2021\/04\/image0-1-1024x757.jpeg 1024w, https:\/\/www.wehairpori.fi\/wp-content\/uploads\/2021\/04\/image0-1-600x443.jpeg 600w, https:\/\/www.wehairpori.fi\/wp-content\/uploads\/2021\/04\/image0-1-300x222.jpeg 300w, https:\/\/www.wehairpori.fi\/wp-content\/uploads\/2021\/04\/image0-1-768x567.jpeg 768w, https:\/\/www.wehairpori.fi\/wp-content\/uploads\/2021\/04\/image0-1.jpeg 1440w\" sizes=\"(max-width: 1024px) 100vw, 1024px\" \/><\/figure><\/li><li class=\"blocks-gallery-item\"><figure><img decoding=\"async\" width=\"1024\" height=\"698\" src=\"https:\/\/www.wehairpori.fi\/wp-content\/uploads\/2021\/04\/image1-1-1024x698.jpeg\" alt=\"\" data-id=\"183\" data-full-url=\"https:\/\/www.wehairpori.fi\/wp-content\/uploads\/2021\/04\/image1-1.jpeg\" data-link=\"https:\/\/www.wehairpori.fi\/index.php\/palvelut-hinnasto\/brow-lift\/image1-1\/\" class=\"wp-image-183\" srcset=\"https:\/\/www.wehairpori.fi\/wp-content\/uploads\/2021\/04\/image1-1-1024x698.jpeg 1024w, https:\/\/www.wehairpori.fi\/wp-content\/uploads\/2021\/04\/image1-1-600x409.jpeg 600w, https:\/\/www.wehairpori.fi\/wp-content\/uploads\/2021\/04\/image1-1-300x204.jpeg 300w, https:\/\/www.wehairpori.fi\/wp-content\/uploads\/2021\/04\/image1-1-768x523.jpeg 768w, https:\/\/www.wehairpori.fi\/wp-content\/uploads\/2021\/04\/image1-1-1536x1046.jpeg 1536w, https:\/\/www.wehairpori.fi\/wp-content\/uploads\/2021\/04\/image1-1.jpeg 1600w\" sizes=\"(max-width: 1024px) 100vw, 1024px\" \/><\/figure><\/li><\/ul><\/figure>\n\n\n\n<p><\/p>\n\n\n\n<p>Kulmakarvojen laminointi (Brow Lift) on palvelu, jolla saat kulmistasi n\u00e4ytt\u00e4v\u00e4t, tuuheamman n\u00e4k\u00f6iset sek\u00e4 kauniisti muotoillut.<\/p>\n\n\n\n<p>Kulmien laminoinnissa kulmakarvat k\u00e4sitell\u00e4\u00e4n taivutus- ja kiinnitysaineella. Lopuksi kulmat v\u00e4rj\u00e4t\u00e4\u00e4n kestov\u00e4rill\u00e4 sek\u00e4 kulmat muotoillaan pinseteill\u00e4 tai sokerilla.&nbsp;Kulmakarvat pysyv\u00e4t pitk\u00e4\u00e4n huoliteltuina.<br>Kulmien laminoinnin k\u00e4ytt\u00e4ytyminen on hyvin yksil\u00f6llist\u00e4. Kest\u00e4vyyteen vaikuttavat mm. oma karvankasvusykli ja kestov\u00e4rin kest\u00e4vyys iholla.&nbsp;Laminointi ei kulu vain pois, vaan se kasvaa sit\u00e4 mukaan ulos, kun omat kulmakarvat vaihtuvat.&nbsp;K\u00e4sittely voidaan uusia 6-8 viikon j\u00e4lkeen.<\/p>\n\n\n\n<p class=\"has-pale-pink-color has-text-color\"><strong>Hoidon j\u00e4lkeen:<\/strong><\/p>\n\n\n\n<p>V\u00e4lt\u00e4 kulmien kastelua, meikkaamista, hikoilua, auringonottoa ja saunaa 24 tunnin ajan k\u00e4sittelyn j\u00e4lkeen.<\/p>\n\n\n\n<p>Harjaamalla saat kulmat kotona haluttuun muotoon.<\/p>\n","protected":false},"excerpt":{"rendered":"<p>Kulmakarvojen laminointi (Brow Lift) on palvelu, jolla saat kulmistasi n\u00e4ytt\u00e4v\u00e4t, tuuheamman n\u00e4k\u00f6iset sek\u00e4 kauniisti muotoillut. Kulmien laminoinnissa kulmakarvat k\u00e4sitell\u00e4\u00e4n taivutus- ja kiinnitysaineella. Lopuksi kulmat v\u00e4rj\u00e4t\u00e4\u00e4n kestov\u00e4rill\u00e4 sek\u00e4 kulmat muotoillaan pinseteill\u00e4 tai sokerilla.&nbsp;Kulmakarvat pysyv\u00e4t pitk\u00e4\u00e4n huoliteltuina.Kulmien laminoinnin k\u00e4ytt\u00e4ytyminen on hyvin yksil\u00f6llist\u00e4. Kest\u00e4vyyteen vaikuttavat mm. oma karvankasvusykli ja kestov\u00e4rin kest\u00e4vyys iholla.&nbsp;Laminointi ei kulu vain pois, vaan se [&hellip;]<\/p>\n","protected":false},"author":1,"featured_media":0,"parent":25,"menu_order":0,"comment_status":"closed","ping_status":"closed","template":"template-gutenberg.php","meta":{"_monsterinsights_skip_tracking":false,"_monsterinsights_sitenote_active":false,"_monsterinsights_sitenote_note":"","_monsterinsights_sitenote_category":0,"footnotes":""},"class_list":["post-171","page","type-page","status-publish","hentry"],"jetpack_sharing_enabled":true,"_links":{"self":[{"href":"https:\/\/www.wehairpori.fi\/index.php\/wp-json\/wp\/v2\/pages\/171"}],"collection":[{"href":"https:\/\/www.wehairpori.fi\/index.php\/wp-json\/wp\/v2\/pages"}],"about":[{"href":"https:\/\/www.wehairpori.fi\/index.php\/wp-json\/wp\/v2\/types\/page"}],"author":[{"embeddable":true,"href":"https:\/\/www.wehairpori.fi\/index.php\/wp-json\/wp\/v2\/users\/1"}],"replies":[{"embeddable":true,"href":"https:\/\/www.wehairpori.fi\/index.php\/wp-json\/wp\/v2\/comments?post=171"}],"version-history":[{"count":7,"href":"https:\/\/www.wehairpori.fi\/index.php\/wp-json\/wp\/v2\/pages\/171\/revisions"}],"predecessor-version":[{"id":185,"href":"https:\/\/www.wehairpori.fi\/index.php\/wp-json\/wp\/v2\/pages\/171\/revisions\/185"}],"up":[{"embeddable":true,"href":"https:\/\/www.wehairpori.fi\/index.php\/wp-json\/wp\/v2\/pages\/25"}],"wp:attachment":[{"href":"https:\/\/www.wehairpori.fi\/index.php\/wp-json\/wp\/v2\/media?parent=171"}],"curies":[{"name":"wp","href":"https:\/\/api.w.org\/{rel}","templated":true}]}}