{"id":145,"date":"2021-04-16T13:06:51","date_gmt":"2021-04-16T13:06:51","guid":{"rendered":"https:\/\/www.wehairpori.fi\/?page_id=145"},"modified":"2021-04-28T16:38:29","modified_gmt":"2021-04-28T16:38:29","slug":"lash-lift","status":"publish","type":"page","link":"https:\/\/www.wehairpori.fi\/index.php\/lash-lift\/","title":{"rendered":"Lash lift"},"content":{"rendered":"\n<p>Ripsien kestotaivutuksella saadaan omista ripsist\u00e4 kaarevat ja pidemm\u00e4lt\u00e4 n\u00e4ytt\u00e4v\u00e4t ilman pidennyksi\u00e4 ja liimoja.<\/p>\n\n\n\n<p>K\u00e4sittelyn aikana tyviosa taivutetaan hell\u00e4varaisesti silikonimuottien avulla, jolloin ripsist\u00e4 saadaan kaarevat ja pidemm\u00e4n n\u00e4k\u00f6iset. Ripset my\u00f6s v\u00e4rj\u00e4t\u00e4\u00e4n samalla.<\/p>\n\n\n\n<p>Kestotaivutus on hyv\u00e4 vaihtoehto, jos mietit ett\u00e4 ripsienpidennykset olisivat liian n\u00e4ytt\u00e4v\u00e4t.<\/p>\n\n\n\n<p>Kestotaivutuksen vaikutus kest\u00e4\u00e4 noin kahdeksan viikkoa, ja katoaa pikkuhiljaa ripsiesi uusiutuessa ja kasvaessa. Uudet ripset kasvavat hyv\u00e4kuntoisina ja suorina.<\/p>\n\n\n\n<p>Taivutuksen voi uusia minimiss\u00e4\u00e4n kahdeksan viikon v\u00e4lein.<\/p>\n\n\n\n<p>Kotihoito-ohjeet:<\/p>\n\n\n\n<p>Ripsi\u00e4 ei saa altistaa kuumuudelle tai vedelle ensimm\u00e4iseen 24 tuntiin hoidon j\u00e4lkeen.<\/p>\n\n\n\n<p>Ripsiin ei kannata koskea 24 tuntiin, sill\u00e4 muoto saattaa viel\u00e4 muuttua.<\/p>\n\n\n\n<p>My\u00f6s ripsiv\u00e4rin k\u00e4ytt\u00f6\u00e4 on hyv\u00e4 v\u00e4ltt\u00e4\u00e4 24 tunnin ajan.<\/p>\n","protected":false},"excerpt":{"rendered":"<p>Ripsien kestotaivutuksella saadaan omista ripsist\u00e4 kaarevat ja pidemm\u00e4lt\u00e4 n\u00e4ytt\u00e4v\u00e4t ilman pidennyksi\u00e4 ja liimoja. K\u00e4sittelyn aikana tyviosa taivutetaan hell\u00e4varaisesti silikonimuottien avulla, jolloin ripsist\u00e4 saadaan kaarevat ja pidemm\u00e4n n\u00e4k\u00f6iset. Ripset my\u00f6s v\u00e4rj\u00e4t\u00e4\u00e4n samalla. Kestotaivutus on hyv\u00e4 vaihtoehto, jos mietit ett\u00e4 ripsienpidennykset olisivat liian n\u00e4ytt\u00e4v\u00e4t. Kestotaivutuksen vaikutus kest\u00e4\u00e4 noin kahdeksan viikkoa, ja katoaa pikkuhiljaa ripsiesi uusiutuessa ja kasvaessa. [&hellip;]<\/p>\n","protected":false},"author":1,"featured_media":0,"parent":0,"menu_order":0,"comment_status":"closed","ping_status":"closed","template":"template-gutenberg.php","meta":{"_monsterinsights_skip_tracking":false,"_monsterinsights_sitenote_active":false,"_monsterinsights_sitenote_note":"","_monsterinsights_sitenote_category":0,"footnotes":""},"class_list":["post-145","page","type-page","status-publish","hentry"],"jetpack_sharing_enabled":true,"_links":{"self":[{"href":"https:\/\/www.wehairpori.fi\/index.php\/wp-json\/wp\/v2\/pages\/145"}],"collection":[{"href":"https:\/\/www.wehairpori.fi\/index.php\/wp-json\/wp\/v2\/pages"}],"about":[{"href":"https:\/\/www.wehairpori.fi\/index.php\/wp-json\/wp\/v2\/types\/page"}],"author":[{"embeddable":true,"href":"https:\/\/www.wehairpori.fi\/index.php\/wp-json\/wp\/v2\/users\/1"}],"replies":[{"embeddable":true,"href":"https:\/\/www.wehairpori.fi\/index.php\/wp-json\/wp\/v2\/comments?post=145"}],"version-history":[{"count":2,"href":"https:\/\/www.wehairpori.fi\/index.php\/wp-json\/wp\/v2\/pages\/145\/revisions"}],"predecessor-version":[{"id":148,"href":"https:\/\/www.wehairpori.fi\/index.php\/wp-json\/wp\/v2\/pages\/145\/revisions\/148"}],"wp:attachment":[{"href":"https:\/\/www.wehairpori.fi\/index.php\/wp-json\/wp\/v2\/media?parent=145"}],"curies":[{"name":"wp","href":"https:\/\/api.w.org\/{rel}","templated":true}]}}